{"id":298,"date":"2024-10-03T13:35:28","date_gmt":"2024-10-03T13:35:28","guid":{"rendered":"https:\/\/see-lac.vicha.ch\/?page_id=298"},"modified":"2024-10-20T16:04:08","modified_gmt":"2024-10-20T16:04:08","slug":"geschaeftsstelle-und-finanzverwaltung","status":"publish","type":"page","link":"https:\/\/see-lac.vicha.ch\/fr\/geschaeftsstelle-und-finanzverwaltung\/","title":{"rendered":"Gesch\u00e4ftsstelle und Finanzverwaltung"},"content":{"rendered":"<style>.wp-block-kadence-advancedheading.kt-adv-heading298_ab6922-49, .wp-block-kadence-advancedheading.kt-adv-heading298_ab6922-49[data-kb-block=\"kb-adv-heading298_ab6922-49\"]{font-style:normal;}.wp-block-kadence-advancedheading.kt-adv-heading298_ab6922-49 mark.kt-highlight, .wp-block-kadence-advancedheading.kt-adv-heading298_ab6922-49[data-kb-block=\"kb-adv-heading298_ab6922-49\"] mark.kt-highlight{font-style:normal;color:#f76a0c;-webkit-box-decoration-break:clone;box-decoration-break:clone;padding-top:0px;padding-right:0px;padding-bottom:0px;padding-left:0px;}<\/style>\n<h2 class=\"kt-adv-heading298_ab6922-49 wp-block-kadence-advancedheading\" data-kb-block=\"kb-adv-heading298_ab6922-49\">Gesch\u00e4ftsstelle und Finanzverwaltung<\/h2>\n\n\n<div class=\"gb-container gb-container-3270fc17 alignfull gbp-section\">\n<div class=\"gb-container gb-container-22e2cecb gbp-section__inner\">\n<div class=\"gb-container gb-container-9354bce1\">\n\n<h1 class=\"gb-headline gb-headline-969e9702 gb-headline-text gbp-section__headline\"><\/h1>\n\n\n\n<div class=\"gb-headline gb-headline-91f9ed9b gb-headline-text gbp-section__text\"><\/div>\n\n<\/div>\n<\/div>\n<\/div>\n\n<div class=\"gb-container gb-container-23c10787 gbp-section\">\n\n<h2 class=\"gb-headline gb-headline-5a2a07cb gb-headline-text\">Gesch\u00e4ftsstelle<\/h2>\n\n\n<style>.kb-row-layout-wrap.wp-block-kadence-rowlayout.kb-row-layout-id298_2bfddc-a1{margin-bottom:0px;}.kb-row-layout-id298_2bfddc-a1 > .kt-row-column-wrap{align-content:start;}:where(.kb-row-layout-id298_2bfddc-a1 > .kt-row-column-wrap) > .wp-block-kadence-column{justify-content:start;}.kb-row-layout-id298_2bfddc-a1 > .kt-row-column-wrap{column-gap:var(--global-kb-gap-md, 2rem);row-gap:var(--global-kb-gap-md, 2rem);padding-top:var(--global-kb-spacing-sm, 1.5rem);padding-bottom:var(--global-kb-spacing-sm, 1.5rem);grid-template-columns:minmax(0, 1fr) minmax(0, 2fr);}.kb-row-layout-id298_2bfddc-a1 > .kt-row-layout-overlay{opacity:0.30;}@media all and (max-width: 1024px){.kb-row-layout-id298_2bfddc-a1 > .kt-row-column-wrap{grid-template-columns:minmax(0, 1fr) minmax(0, 2fr);}}@media all and (max-width: 767px){.kb-row-layout-id298_2bfddc-a1 > .kt-row-column-wrap{grid-template-columns:minmax(0, 1fr);}}<\/style><div class=\"kb-row-layout-wrap kb-row-layout-id298_2bfddc-a1 alignnone wp-block-kadence-rowlayout\"><div class=\"kt-row-column-wrap kt-has-2-columns kt-row-layout-right-golden kt-tab-layout-inherit kt-mobile-layout-row kt-row-valign-top\">\n<style>.kadence-column298_86871a-05 > .kt-inside-inner-col{display:flex;}.kadence-column298_86871a-05 > .kt-inside-inner-col,.kadence-column298_86871a-05 > .kt-inside-inner-col:before{border-top-left-radius:0px;border-top-right-radius:0px;border-bottom-right-radius:0px;border-bottom-left-radius:0px;}.kadence-column298_86871a-05 > .kt-inside-inner-col{column-gap:var(--global-kb-gap-sm, 1rem);}.kadence-column298_86871a-05 > .kt-inside-inner-col{flex-direction:column;align-items:flex-start;}.kadence-column298_86871a-05 > .kt-inside-inner-col > .kb-image-is-ratio-size{align-self:stretch;}.kadence-column298_86871a-05 > .kt-inside-inner-col > .wp-block-kadence-advancedgallery{align-self:stretch;}.kadence-column298_86871a-05 > .kt-inside-inner-col > .aligncenter{width:100%;}.kadence-column298_86871a-05 > .kt-inside-inner-col:before{opacity:0.3;}.kadence-column298_86871a-05{position:relative;}@media all and (max-width: 1024px){.kadence-column298_86871a-05 > .kt-inside-inner-col{flex-direction:column;align-items:flex-start;}}@media all and (max-width: 767px){.kadence-column298_86871a-05 > .kt-inside-inner-col{flex-direction:column;align-items:flex-start;}}<\/style>\n<div class=\"wp-block-kadence-column kadence-column298_86871a-05\"><div class=\"kt-inside-inner-col\">\n<figure class=\"wp-block-image size-large\"><img loading=\"lazy\" decoding=\"async\" width=\"1024\" height=\"1024\" src=\"https:\/\/see-lac.vicha.ch\/wp-content\/uploads\/2024\/09\/See_Lac_GL_Silvia-Hyka-1024x1024.jpg\" alt=\"\" class=\"wp-image-90\" srcset=\"https:\/\/see-lac.vicha.ch\/wp-content\/uploads\/2024\/09\/See_Lac_GL_Silvia-Hyka-1024x1024.jpg 1024w, https:\/\/see-lac.vicha.ch\/wp-content\/uploads\/2024\/09\/See_Lac_GL_Silvia-Hyka-300x300.jpg 300w, https:\/\/see-lac.vicha.ch\/wp-content\/uploads\/2024\/09\/See_Lac_GL_Silvia-Hyka-150x150.jpg 150w, https:\/\/see-lac.vicha.ch\/wp-content\/uploads\/2024\/09\/See_Lac_GL_Silvia-Hyka-768x768.jpg 768w, https:\/\/see-lac.vicha.ch\/wp-content\/uploads\/2024\/09\/See_Lac_GL_Silvia-Hyka-50x50.jpg 50w, https:\/\/see-lac.vicha.ch\/wp-content\/uploads\/2024\/09\/See_Lac_GL_Silvia-Hyka-1600x1600.jpg 1600w, https:\/\/see-lac.vicha.ch\/wp-content\/uploads\/2024\/09\/See_Lac_GL_Silvia-Hyka-1536x1536.jpg 1536w, https:\/\/see-lac.vicha.ch\/wp-content\/uploads\/2024\/09\/See_Lac_GL_Silvia-Hyka-12x12.jpg 12w, https:\/\/see-lac.vicha.ch\/wp-content\/uploads\/2024\/09\/See_Lac_GL_Silvia-Hyka.jpg 1969w\" sizes=\"auto, (max-width: 1024px) 100vw, 1024px\" \/><\/figure>\n<\/div><\/div>\n\n\n<style>.kadence-column298_f906e1-4b > .kt-inside-inner-col{display:flex;}.kadence-column298_f906e1-4b > .kt-inside-inner-col,.kadence-column298_f906e1-4b > .kt-inside-inner-col:before{border-top-left-radius:0px;border-top-right-radius:0px;border-bottom-right-radius:0px;border-bottom-left-radius:0px;}.kadence-column298_f906e1-4b > .kt-inside-inner-col{column-gap:var(--global-kb-gap-sm, 1rem);}.kadence-column298_f906e1-4b > .kt-inside-inner-col{flex-direction:column;justify-content:flex-end;}.kadence-column298_f906e1-4b > .kt-inside-inner-col > .aligncenter{width:100%;}.kt-row-column-wrap > .kadence-column298_f906e1-4b{align-self:flex-end;}.kt-inner-column-height-full:not(.kt-has-1-columns) > .wp-block-kadence-column.kadence-column298_f906e1-4b{align-self:auto;}.kt-inner-column-height-full:not(.kt-has-1-columns) > .wp-block-kadence-column.kadence-column298_f906e1-4b > .kt-inside-inner-col{flex-direction:column;justify-content:flex-end;}.kadence-column298_f906e1-4b > .kt-inside-inner-col:before{opacity:0.3;}.kadence-column298_f906e1-4b{position:relative;}@media all and (max-width: 1024px){.kt-row-column-wrap > .kadence-column298_f906e1-4b{align-self:flex-end;}}@media all and (max-width: 1024px){.kt-inner-column-height-full:not(.kt-has-1-columns) > .wp-block-kadence-column.kadence-column298_f906e1-4b{align-self:auto;}}@media all and (max-width: 1024px){.kt-inner-column-height-full:not(.kt-has-1-columns) > .wp-block-kadence-column.kadence-column298_f906e1-4b > .kt-inside-inner-col{flex-direction:column;justify-content:flex-end;}}@media all and (max-width: 1024px){.kadence-column298_f906e1-4b > .kt-inside-inner-col{flex-direction:column;}}@media all and (max-width: 767px){.kt-row-column-wrap > .kadence-column298_f906e1-4b{align-self:flex-end;}.kt-inner-column-height-full:not(.kt-has-1-columns) > .wp-block-kadence-column.kadence-column298_f906e1-4b{align-self:auto;}.kt-inner-column-height-full:not(.kt-has-1-columns) > .wp-block-kadence-column.kadence-column298_f906e1-4b > .kt-inside-inner-col{flex-direction:column;justify-content:flex-end;}.kadence-column298_f906e1-4b > .kt-inside-inner-col{flex-direction:column;}}<\/style>\n<div class=\"wp-block-kadence-column kadence-column298_f906e1-4b\"><div class=\"kt-inside-inner-col\"><div class=\"gb-container gb-container-eca4d687\">\n\n<p id=\"Finanzen\"><br>Die administrative Leitung des Verbandes obliegt der Gesch\u00e4ftsstelle. Seit dem 1. M\u00e4rz 2024 ist die Stelle durch Frau Silvia Hyka besetzt.<\/p>\n\n\n\n<p id=\"Finanzen\"><a href=\"mailto:silvia.hyka@see-lac.ch\">silvia.hyka@see-lac.ch<\/a><br>026 672 13 14<br>076 242 49 75<\/p>\n\n<\/div><\/div><\/div>\n\n<\/div><\/div>\n\n<div class=\"gb-container gb-container-0ad30d44\">\n\n<h2 class=\"gb-headline gb-headline-8eb476e3 gb-headline-text\">Finanzverwaltung<\/h2>\n\n<\/div>\n\n<style>.kb-row-layout-wrap.wp-block-kadence-rowlayout.kb-row-layout-id298_41b218-38{margin-bottom:0px;}.kb-row-layout-id298_41b218-38 > .kt-row-column-wrap{align-content:start;}:where(.kb-row-layout-id298_41b218-38 > .kt-row-column-wrap) > .wp-block-kadence-column{justify-content:start;}.kb-row-layout-id298_41b218-38 > .kt-row-column-wrap{column-gap:var(--global-kb-gap-md, 2rem);row-gap:var(--global-kb-gap-md, 2rem);padding-top:var(--global-kb-spacing-sm, 1.5rem);padding-bottom:var(--global-kb-spacing-sm, 1.5rem);grid-template-columns:minmax(0, 1fr) minmax(0, 2fr);}.kb-row-layout-id298_41b218-38 > .kt-row-layout-overlay{opacity:0.30;}@media all and (max-width: 1024px){.kb-row-layout-id298_41b218-38 > .kt-row-column-wrap{grid-template-columns:minmax(0, 1fr) minmax(0, 2fr);}}@media all and (max-width: 767px){.kb-row-layout-id298_41b218-38 > .kt-row-column-wrap{grid-template-columns:minmax(0, 1fr);}}<\/style><div class=\"kb-row-layout-wrap kb-row-layout-id298_41b218-38 alignnone wp-block-kadence-rowlayout\"><div class=\"kt-row-column-wrap kt-has-2-columns kt-row-layout-right-golden kt-tab-layout-inherit kt-mobile-layout-row kt-row-valign-top\">\n<style>.kadence-column298_20dafd-28 > .kt-inside-inner-col{display:flex;}.kadence-column298_20dafd-28 > .kt-inside-inner-col,.kadence-column298_20dafd-28 > .kt-inside-inner-col:before{border-top-left-radius:0px;border-top-right-radius:0px;border-bottom-right-radius:0px;border-bottom-left-radius:0px;}.kadence-column298_20dafd-28 > .kt-inside-inner-col{column-gap:var(--global-kb-gap-sm, 1rem);}.kadence-column298_20dafd-28 > .kt-inside-inner-col{flex-direction:column;align-items:flex-start;}.kadence-column298_20dafd-28 > .kt-inside-inner-col > .kb-image-is-ratio-size{align-self:stretch;}.kadence-column298_20dafd-28 > .kt-inside-inner-col > .wp-block-kadence-advancedgallery{align-self:stretch;}.kadence-column298_20dafd-28 > .kt-inside-inner-col > .aligncenter{width:100%;}.kadence-column298_20dafd-28 > .kt-inside-inner-col:before{opacity:0.3;}.kadence-column298_20dafd-28{position:relative;}@media all and (max-width: 1024px){.kadence-column298_20dafd-28 > .kt-inside-inner-col{flex-direction:column;align-items:flex-start;}}@media all and (max-width: 767px){.kadence-column298_20dafd-28 > .kt-inside-inner-col{flex-direction:column;align-items:flex-start;}}<\/style>\n<div class=\"wp-block-kadence-column kadence-column298_20dafd-28\"><div class=\"kt-inside-inner-col\">\n<figure class=\"wp-block-image size-large\"><img loading=\"lazy\" decoding=\"async\" width=\"1024\" height=\"1024\" src=\"https:\/\/see-lac.vicha.ch\/wp-content\/uploads\/2024\/09\/See_Lac_FiV_Sandra-Raemy-1024x1024.jpg\" alt=\"\" class=\"wp-image-112\" srcset=\"https:\/\/see-lac.vicha.ch\/wp-content\/uploads\/2024\/09\/See_Lac_FiV_Sandra-Raemy-1024x1024.jpg 1024w, https:\/\/see-lac.vicha.ch\/wp-content\/uploads\/2024\/09\/See_Lac_FiV_Sandra-Raemy-300x300.jpg 300w, https:\/\/see-lac.vicha.ch\/wp-content\/uploads\/2024\/09\/See_Lac_FiV_Sandra-Raemy-150x150.jpg 150w, https:\/\/see-lac.vicha.ch\/wp-content\/uploads\/2024\/09\/See_Lac_FiV_Sandra-Raemy-768x768.jpg 768w, https:\/\/see-lac.vicha.ch\/wp-content\/uploads\/2024\/09\/See_Lac_FiV_Sandra-Raemy-50x50.jpg 50w, https:\/\/see-lac.vicha.ch\/wp-content\/uploads\/2024\/09\/See_Lac_FiV_Sandra-Raemy-1600x1600.jpg 1600w, https:\/\/see-lac.vicha.ch\/wp-content\/uploads\/2024\/09\/See_Lac_FiV_Sandra-Raemy-1536x1536.jpg 1536w, https:\/\/see-lac.vicha.ch\/wp-content\/uploads\/2024\/09\/See_Lac_FiV_Sandra-Raemy-12x12.jpg 12w, https:\/\/see-lac.vicha.ch\/wp-content\/uploads\/2024\/09\/See_Lac_FiV_Sandra-Raemy.jpg 1969w\" sizes=\"auto, (max-width: 1024px) 100vw, 1024px\" \/><\/figure>\n<\/div><\/div>\n\n\n<style>.kadence-column298_7937aa-6a > .kt-inside-inner-col{display:flex;}.kadence-column298_7937aa-6a > .kt-inside-inner-col,.kadence-column298_7937aa-6a > .kt-inside-inner-col:before{border-top-left-radius:0px;border-top-right-radius:0px;border-bottom-right-radius:0px;border-bottom-left-radius:0px;}.kadence-column298_7937aa-6a > .kt-inside-inner-col{column-gap:var(--global-kb-gap-sm, 1rem);}.kadence-column298_7937aa-6a > .kt-inside-inner-col{flex-direction:column;justify-content:flex-end;}.kadence-column298_7937aa-6a > .kt-inside-inner-col > .aligncenter{width:100%;}.kt-row-column-wrap > .kadence-column298_7937aa-6a{align-self:flex-end;}.kt-inner-column-height-full:not(.kt-has-1-columns) > .wp-block-kadence-column.kadence-column298_7937aa-6a{align-self:auto;}.kt-inner-column-height-full:not(.kt-has-1-columns) > .wp-block-kadence-column.kadence-column298_7937aa-6a > .kt-inside-inner-col{flex-direction:column;justify-content:flex-end;}.kadence-column298_7937aa-6a > .kt-inside-inner-col:before{opacity:0.3;}.kadence-column298_7937aa-6a{position:relative;}@media all and (max-width: 1024px){.kt-row-column-wrap > .kadence-column298_7937aa-6a{align-self:flex-end;}}@media all and (max-width: 1024px){.kt-inner-column-height-full:not(.kt-has-1-columns) > .wp-block-kadence-column.kadence-column298_7937aa-6a{align-self:auto;}}@media all and (max-width: 1024px){.kt-inner-column-height-full:not(.kt-has-1-columns) > .wp-block-kadence-column.kadence-column298_7937aa-6a > .kt-inside-inner-col{flex-direction:column;justify-content:flex-end;}}@media all and (max-width: 1024px){.kadence-column298_7937aa-6a > .kt-inside-inner-col{flex-direction:column;}}@media all and (max-width: 767px){.kt-row-column-wrap > .kadence-column298_7937aa-6a{align-self:flex-end;}.kt-inner-column-height-full:not(.kt-has-1-columns) > .wp-block-kadence-column.kadence-column298_7937aa-6a{align-self:auto;}.kt-inner-column-height-full:not(.kt-has-1-columns) > .wp-block-kadence-column.kadence-column298_7937aa-6a > .kt-inside-inner-col{flex-direction:column;justify-content:flex-end;}.kadence-column298_7937aa-6a > .kt-inside-inner-col{flex-direction:column;}}<\/style>\n<div class=\"wp-block-kadence-column kadence-column298_7937aa-6a\"><div class=\"kt-inside-inner-col\">\n<p id=\"Finanzen\"><br>Die Finanzverwaltung des Verbandes wird, per Mandat, durch die Gemeinde Gurmels, Frau Sandra Raemy, wahrgenommen.<\/p>\n\n\n<div class=\"gb-container gb-container-9a58a41b\">\n\n<p id=\"Finanzen\"><a href=\"mailto:sandra.raemy@gurmels.ch\">sandra.raemy@gurmels.ch<\/a><br>026 674 93 33<\/p>\n\n<\/div><\/div><\/div>\n\n<\/div><\/div>\n<\/div>","protected":false},"excerpt":{"rendered":"<p>Gesch\u00e4ftsstelle und Finanzverwaltung Gesch\u00e4ftsstelle Die administrative Leitung des Verbandes obliegt der Gesch\u00e4ftsstelle. Seit dem 1. M\u00e4rz 2024 ist die Stelle durch Frau Silvia Hyka besetzt. silvia.hyka@see-lac.ch026 672 13 14076 242 &#8230; <a title=\"Gesch\u00e4ftsstelle und Finanzverwaltung\" class=\"read-more\" href=\"https:\/\/see-lac.vicha.ch\/fr\/geschaeftsstelle-und-finanzverwaltung\/\" aria-label=\"En savoir plus sur Gesch\u00e4ftsstelle und Finanzverwaltung\">Lire la suite<\/a><\/p>","protected":false},"author":1,"featured_media":0,"parent":0,"menu_order":0,"comment_status":"closed","ping_status":"closed","template":"","meta":{"_EventAllDay":false,"_EventTimezone":"","_EventStartDate":"","_EventEndDate":"","_EventStartDateUTC":"","_EventEndDateUTC":"","_EventShowMap":false,"_EventShowMapLink":false,"_EventURL":"","_EventCost":"","_EventCostDescription":"","_EventCurrencySymbol":"","_EventCurrencyCode":"","_EventCurrencyPosition":"","_EventDateTimeSeparator":"","_EventTimeRangeSeparator":"","_EventOrganizerID":[],"_EventVenueID":[],"_OrganizerEmail":"","_OrganizerPhone":"","_OrganizerWebsite":"","_VenueAddress":"","_VenueCity":"","_VenueCountry":"","_VenueProvince":"","_VenueState":"","_VenueZip":"","_VenuePhone":"","_VenueURL":"","_VenueStateProvince":"","_VenueLat":"","_VenueLng":"","_VenueShowMap":false,"_VenueShowMapLink":false,"footnotes":""},"class_list":["post-298","page","type-page","status-publish"],"_links":{"self":[{"href":"https:\/\/see-lac.vicha.ch\/fr\/wp-json\/wp\/v2\/pages\/298","targetHints":{"allow":["GET"]}}],"collection":[{"href":"https:\/\/see-lac.vicha.ch\/fr\/wp-json\/wp\/v2\/pages"}],"about":[{"href":"https:\/\/see-lac.vicha.ch\/fr\/wp-json\/wp\/v2\/types\/page"}],"author":[{"embeddable":true,"href":"https:\/\/see-lac.vicha.ch\/fr\/wp-json\/wp\/v2\/users\/1"}],"replies":[{"embeddable":true,"href":"https:\/\/see-lac.vicha.ch\/fr\/wp-json\/wp\/v2\/comments?post=298"}],"version-history":[{"count":18,"href":"https:\/\/see-lac.vicha.ch\/fr\/wp-json\/wp\/v2\/pages\/298\/revisions"}],"predecessor-version":[{"id":725,"href":"https:\/\/see-lac.vicha.ch\/fr\/wp-json\/wp\/v2\/pages\/298\/revisions\/725"}],"wp:attachment":[{"href":"https:\/\/see-lac.vicha.ch\/fr\/wp-json\/wp\/v2\/media?parent=298"}],"curies":[{"name":"wp","href":"https:\/\/api.w.org\/{rel}","templated":true}]}}